{"id":63,"date":"2021-06-26T17:19:43","date_gmt":"2021-06-26T15:19:43","guid":{"rendered":"http:\/\/192.168.1.55\/wordpress\/?page_id=63"},"modified":"2021-07-11T16:59:59","modified_gmt":"2021-07-11T14:59:59","slug":"accueil","status":"publish","type":"page","link":"http:\/\/loutseu.synology.me\/wordpress\/","title":{"rendered":"Accueil"},"content":{"rendered":"\n<h2 class=\"has-text-align-center wp-block-heading\">Bienvenue!<\/h2>\n\n\n\n<p class=\"has-text-align-center\">Loutseu, fabricant d&rsquo;objets in\u00e9dits, vous propose de mettre son exp\u00e9rience \u00e0 votre service pour cr\u00e9er, concevoir, et r\u00e9aliser vos projets personnalis\u00e9s. Son atelier et ses outils \u00e0 la pointe de la technologie vous permettront d&rsquo;obtenir des r\u00e9sultats plus qu&rsquo;\u00e9tonnants, in\u00e9dits et correspondant \u00e0 vos attentes et besoins.<\/p>\n\n\n\n<p class=\"has-text-align-center\">Fort de quinze ans de cr\u00e9ations vari\u00e9es, Loutseu vous apporte son exp\u00e9rience d&rsquo;autodidacte pour vous accompagner dans votre projet de cr\u00e9ation d&rsquo;objets in\u00e9dits.<\/p>\n\n\n\n<p class=\"has-text-align-center\">Ma\u00eetrisant la plupart des derni\u00e8res technologies (Impression 3D, Laser, CNC&#8230;) et techniques de r\u00e9alisation (m\u00e9tal et bois), aid\u00e9 par la conception num\u00e9rique (CAD), il aura toujours une solution adapt\u00e9e \u00e0 votre projet.<\/p>\n\n\n\n<p class=\"has-text-align-center\">Naviguez dans les menus ou le diaporama pour d\u00e9couvrir un exemple des techniques et services propos\u00e9s.<\/p>\n\n\n\n<p class=\"has-text-align-center\"><strong>N&rsquo;h\u00e9sitez pas \u00e0 venir visiter le showroom, situ\u00e9 \u00e0 Nizas (34320) !<\/strong><\/p>\n\n\n\n<div class=\"wp-block-image is-style-rounded\"><figure class=\"aligncenter size-large\"><img loading=\"lazy\" decoding=\"async\" width=\"750\" height=\"562\" src=\"http:\/\/192.168.1.55\/wordpress\/wp-content\/uploads\/2021\/06\/img_1593.jpg\" alt=\"\" class=\"wp-image-119\" srcset=\"http:\/\/loutseu.synology.me\/wordpress\/wp-content\/uploads\/2021\/06\/img_1593.jpg 750w, http:\/\/loutseu.synology.me\/wordpress\/wp-content\/uploads\/2021\/06\/img_1593-300x225.jpg 300w, http:\/\/loutseu.synology.me\/wordpress\/wp-content\/uploads\/2021\/06\/img_1593-80x60.jpg 80w\" sizes=\"auto, (max-width: 750px) 100vw, 750px\" \/><\/figure><\/div>\n","protected":false},"excerpt":{"rendered":"<p>Bienvenue! Loutseu, fabricant d&rsquo;objets in\u00e9dits, vous propose de mettre son exp\u00e9rience \u00e0 votre service pour cr\u00e9er, concevoir, et r\u00e9aliser vos projets personnalis\u00e9s. Son atelier et ses outils \u00e0 la pointe de la technologie vous permettront d&rsquo;obtenir des r\u00e9sultats plus qu&rsquo;\u00e9tonnants, in\u00e9dits et correspondant \u00e0 vos attentes et besoins. Fort de quinze ans de cr\u00e9ations vari\u00e9es, &hellip; <\/p>\n","protected":false},"author":1,"featured_media":0,"parent":0,"menu_order":0,"comment_status":"closed","ping_status":"closed","template":"","meta":{"spay_email":"","footnotes":""},"class_list":["post-63","page","type-page","status-publish","hentry","latest_post"],"jetpack-related-posts":[{"id":395,"url":"http:\/\/loutseu.synology.me\/wordpress\/?page_id=395","url_meta":{"origin":63,"position":0},"title":"Client Portal","date":"13 novembre 2021","format":false,"excerpt":"[jetpackcrm_clientportal]","rel":"","context":"Article similaire","img":{"alt_text":"","src":"","width":0,"height":0},"classes":[]},{"id":18,"url":"http:\/\/loutseu.synology.me\/wordpress\/?page_id=18","url_meta":{"origin":63,"position":1},"title":"Contact","date":"21 juin 2021","format":false,"excerpt":"","rel":"","context":"Article similaire","img":{"alt_text":"","src":"","width":0,"height":0},"classes":[]}],"_links":{"self":[{"href":"http:\/\/loutseu.synology.me\/wordpress\/index.php?rest_route=\/wp\/v2\/pages\/63","targetHints":{"allow":["GET"]}}],"collection":[{"href":"http:\/\/loutseu.synology.me\/wordpress\/index.php?rest_route=\/wp\/v2\/pages"}],"about":[{"href":"http:\/\/loutseu.synology.me\/wordpress\/index.php?rest_route=\/wp\/v2\/types\/page"}],"author":[{"embeddable":true,"href":"http:\/\/loutseu.synology.me\/wordpress\/index.php?rest_route=\/wp\/v2\/users\/1"}],"replies":[{"embeddable":true,"href":"http:\/\/loutseu.synology.me\/wordpress\/index.php?rest_route=%2Fwp%2Fv2%2Fcomments&post=63"}],"version-history":[{"count":10,"href":"http:\/\/loutseu.synology.me\/wordpress\/index.php?rest_route=\/wp\/v2\/pages\/63\/revisions"}],"predecessor-version":[{"id":370,"href":"http:\/\/loutseu.synology.me\/wordpress\/index.php?rest_route=\/wp\/v2\/pages\/63\/revisions\/370"}],"wp:attachment":[{"href":"http:\/\/loutseu.synology.me\/wordpress\/index.php?rest_route=%2Fwp%2Fv2%2Fmedia&parent=63"}],"curies":[{"name":"wp","href":"https:\/\/api.w.org\/{rel}","templated":true}]}}